{"id":1669,"date":"2025-05-06T09:14:52","date_gmt":"2025-05-06T07:14:52","guid":{"rendered":"https:\/\/marineriawp.abanet.it\/?page_id=1669"},"modified":"2026-02-17T19:57:05","modified_gmt":"2026-02-17T18:57:05","slug":"calendario-attivita","status":"publish","type":"page","link":"https:\/\/www.museomarineriapesaro.it\/index.php\/calendario-attivita\/","title":{"rendered":"Calendario Attivit\u00e0"},"content":{"rendered":"\n<h1 class=\"wp-block-heading\"><strong>Attivit\u00e0 2025 <\/strong><\/h1>\n\n\n\n<p class=\"has-neve-link-hover-color-color has-text-color has-link-color wp-elements-6bc2428d52694cc694a9d69437bca595\"><strong>FEBBRAIO<\/strong>\u2028<\/p>\n\n\n\n<p class=\"has-nv-dark-bg-color has-text-color has-link-color wp-elements-100a8061ab4c42c4e6add9378e08e3da\"><strong>Venerd\u00ec 28 Febbraio ore 16.30<\/strong><br>Presentazione quaderno 28, <em>Brodetto adriatico \u201cbruetti valesani\u201d, cucina di bordo, ricettari<\/em>, con la partecipazione di Mauro Facchini<\/p>\n\n\n\n<p class=\"has-neve-link-hover-color-color has-text-color has-link-color wp-elements-7bff2c3be8725c9eca1e43e0636a7b0f\"><strong>MARZO\u2028<\/strong><\/p>\n\n\n\n<p><strong>Venerd\u00ec 28 marzo, ore 16.30<\/strong><br>Presentazione del libro di Giovanni Ciarrocchi <em>Barche navi velieri della costa cuprense dall\u2019antichit\u00e0 ad oggi<\/em>.<br>In collaborazione con Centro di documentazione e ricerca del territorio\/Archeoclub Cupra Marittima<\/p>\n\n\n\n<p class=\"has-neve-link-hover-color-color has-text-color has-link-color wp-elements-2585efb942d778752f59c47a0434ec1c\"><strong>APRILE<\/strong><\/p>\n\n\n\n<p class=\"has-nv-dark-bg-color has-text-color has-link-color wp-elements-64c287894087a2ffd6a9b38f966c4b8d\"><strong>Venerd\u00ec 11 aprile ore 17.00&nbsp;<\/strong><br>Presentazione del libro di Stefano Rovinelli <em>Mar Cord. Storie di mare e d\u2019arcord<\/em>.<\/p>\n\n\n\n<p class=\"has-neve-link-hover-color-color has-text-color has-link-color wp-elements-a3131fe7ba9a4c434491b1a1f91b7dde\"><strong>MAGGIO<\/strong><\/p>\n\n\n\n<p class=\"has-nv-dark-bg-color has-text-color has-link-color wp-elements-6fb703e802066f91cca1eaad9bd047e2\"><strong>Venerd\u00ec 9 maggio, ore 17:30&nbsp;<\/strong><br>&#8220;<strong><a href=\"\/index.php\/molluschi-dei-nostri-mari\/\" data-type=\"link\" data-id=\"\/index.php\/molluschi-dei-nostri-mari\/\">Molluschi dei nostri mari, leggende e tradizioni<\/a><\/strong>&#8221; <br>Conversazione di Anna Pia Giansanti<\/p>\n\n\n\n<p><strong>Domenica 18 maggio ore 10:00<\/strong><br><strong><a href=\"https:\/\/www.museomarineriapesaro.it\/index.php\/grand-tour-musei-marche\/\" data-type=\"post\" data-id=\"1706\" target=\"_blank\" rel=\"noreferrer noopener\">La domenica al Museo. <\/a><\/strong><br>Il direttore del museo ci condurr\u00e0, alla scoperta di storie e memorie della cultura marinara. <br>In occasione del Gran Tour Musei Marche il tema della visita guidata sar\u00e0: <em>La comunit\u00e0 delle rive. Il patrimonio immateriale della cultura del mare.<\/em><br>Le visite guidate sono gratuite. Info, tel 0721 35588 oppure inviare una mail a museomarineria@comune.pesaro.pu.it<\/p>\n\n\n\n<p><strong>Venerd\u00ec 30 maggio ore 16:30<\/strong><br><a href=\"https:\/\/www.museomarineriapesaro.it\/index.php\/maria-risorta-di-giulio-grimaldi-un-romanzo-documentario-sulla-societa-dei-pescatori\/\" data-type=\"post\" data-id=\"1981\" target=\"_blank\" rel=\"noreferrer noopener\"><em>La Maria Risorta<\/em> di Giulio Grimaldi. Un romanzo documentario sulla societ\u00e0 dei pescatori. <\/a><br>Conversazione di Maria Lucia De Nicol\u00f2, Mario Facchini, Marco Ferri, Tonino Giardini.<\/p>\n\n\n\n<p class=\"has-neve-link-hover-color-color has-text-color has-link-color wp-elements-3be37bafa3b3c01aff7f9cb096596c3f\"><strong>GIUGNO<\/strong><\/p>\n\n\n\n<p><strong>Sabato 7 giugno ore 17:00<\/strong><br><a href=\"https:\/\/www.museomarineriapesaro.it\/index.php\/concerto-del-coro-di-voci-bianche-il-giardino-delle-voci\/\" data-type=\"link\" data-id=\"index.php\/concerto-del-coro-di-voci-bianche-il-giardino-delle-voci\/-voci\/\">Voci in giardino. Saggio finale dei bambini. Coro di voci bianche<\/a><\/p>\n\n\n\n<p><strong>Sabato 7 giugno ore 18:30<\/strong> inaugurazione mostra di Paola Tassetti<br><strong><a href=\"\/index.php\/morfologia-subacquea\/\" data-type=\"link\" data-id=\"\/index.php\/morfologia-subacquea\/\">MORFOLOGIA&nbsp;<em>Subacquea<\/em>&nbsp;&nbsp;<\/a><\/strong><br><em>MORPHOLOGIE SOUS-MARINE&nbsp;UNDERWATER&nbsp;MORPHOLOGY&nbsp; <\/em><br>La mostra rimarr\u00e0 aperta fino al 28 settembre 2025<\/p>\n\n\n\n<p><strong>Venerd\u00ec 13 giugno ore 17.30<\/strong><br><a href=\"\/index.php\/lincrociatore-vittorio-veneto-la-storia\/\" data-type=\"link\" data-id=\"\/index.php\/lincrociatore-vittorio-veneto-la-storia\/\"><em>L&#8217;incrociatore <\/em>Vittorio Veneto<em>:&nbsp;la storia.<\/em><\/a><br>Conversazione di Stefano Bagnasco direttore editoriale della rivista \u201c<em>STORIA Militare\u201d <\/em>.<br>In collaborazione con ANMI, Associazione nazionale Marinai d\u2019Italia, sez. di Pesaro.<\/p>\n\n\n\n<p class=\"has-nv-dark-bg-color has-text-color has-link-color wp-elements-c0aa2c1e1589b70cfeaef37dae4b7b3c\"><strong>Domenica 15 giugno ore 17.00<\/strong><br>La domenica al Museo. <br>Il direttore del museo ci condurr\u00e0, con una visita guidata, alla scoperta di storie e memorie della cultura marinara. <br>Le visite guidate sono gratuite e saranno effettuate solo su prenotazione.<br>Per info, tel 0721 35588 oppure inviare una mail a museomarineria@comune.pesaro.pu.it<\/p>\n\n\n\n<p><strong>Venerd\u00ec 27 giugno ore 17.30<\/strong><br><a href=\"https:\/\/www.museomarineriapesaro.it\/index.php\/27-06-25-linvenzione-del-cutter\/\" data-type=\"post\" data-id=\"3276\"><em>L\u2019invenzione del cutter<\/em>. Conversazione di Carlo Volpe<\/a><\/p>\n\n\n\n<p><strong>Venerd\u00ec 29 giugno ore 18:45<\/strong><br><a href=\"https:\/\/www.museomarineriapesaro.it\/index.php\/20-06-25-pesaro-moto-barche-e-fantasia\/\" data-type=\"post\" data-id=\"3333\"><em>Pesaro: Moto, barche e fantasia<\/em><\/a><br>con Serena Riglietti e Beniamino Sidoti<\/p>\n\n\n\n<p class=\"has-neve-link-hover-color-color has-text-color has-link-color wp-elements-4f463e572ad8a78f66a0d2ce827584e8\"><strong>LUGLIO<\/strong><\/p>\n\n\n\n<p class=\"has-nv-dark-bg-color has-text-color has-link-color wp-elements-82fb7b4e5b90b4ae2d0fd2bfdf954388\"><strong>Domenica 13 luglio ore 18.00<\/strong><br><a href=\"https:\/\/www.museomarineriapesaro.it\/index.php\/13-07-25-rossano-baronciani-racconta-robinson-crusoe-di-daniel-defoe\/\" data-type=\"post\" data-id=\"3363\">Letture nel parco. <em>Rossano Baronciani racconta Robinson Crusoe di Daniel Defoe.In collaborazione con Universit\u00e0 dell\u2019et\u00e0 libera.<\/em><\/a><br>3\u00b0 edizione <em>Classici per un anno<\/em>, a cura di Lucia Ferrati. <br><\/p>\n\n\n\n<p><strong>Domenica 20 luglio ore 18.00<\/strong><br>La domenica al Museo. <br>Il direttore del museo ci condurr\u00e0, con una visita guidata, alla scoperta di storie e memorie della cultura marinara. <br>Le visite guidate sono gratuite e saranno effettuate solo su prenotazione.<br>Per info, tel 0721 35588 oppure inviare una mail a museomarineria@comune.pesaro.pu.it<\/p>\n\n\n\n<p class=\"has-neve-link-hover-color-color has-text-color has-link-color wp-elements-cc2c88509c3ee44876733924257e75e8\"><strong>AGOSTO<\/strong><\/p>\n\n\n\n<p><strong>Venerd\u00ec 29 agosto ore 17.30&nbsp;<\/strong><br><a href=\"https:\/\/www.museomarineriapesaro.it\/wp-content\/uploads\/Locandina05_09_25.jpg\" data-type=\"attachment\" data-id=\"3353\"><em>Il&nbsp;Trabaccolo, veliero simbolo della marineria adriatica. Caratteristiche e dati tecnici costruttivi.<\/em> <br>Conversazione di Giuseppe Marcucci, e presentazione del quaderno n. 27 <em>Marineria anconitana dell\u2019Ottocento: navi, cantieri, capitani mercantili<\/em>. <\/a><\/p>\n\n\n\n<p class=\"has-neve-link-hover-color-color has-text-color has-link-color wp-elements-30691dd17e029fc6b3a66d609050b071\"><strong>SETTEMBRE<\/strong><\/p>\n\n\n\n<p><strong>Venerd\u00ec 5 settembre ore 18&nbsp;<\/strong><br><em><a href=\"https:\/\/www.museomarineriapesaro.it\/index.php\/05-09-25-il-micromondo-della-sabbia\/\" data-type=\"post\" data-id=\"3348\">Il Micromondo della sabbia<\/a><\/em><strong><em><br><\/em><\/strong>Mostra fotografica e conversazione di Federica Semprucci e Eleonora Grassi (Universit\u00e0 di Urbino, Dipartimento di Scienze Biomolecolari). <br>In collaborazione con Archivio Loreno Sguanci APS e Azob\u00e9 ODV<\/p>\n\n\n\n<p><strong>Venerd\u00ec 12 settembre, ore 18<\/strong><em><br><\/em><a href=\"https:\/\/www.museomarineriapesaro.it\/index.php\/12-09-25-andare-per-mare-strumenti-di-navigazione-e-loliverina-world-map\/\" data-type=\"post\" data-id=\"3410\"><em>Andare per mare: strumenti di navigazione e l&#8217;<\/em>&nbsp;&#8216;Oliveriana World Map&#8217;<\/a><br>Conversazione nel parco nell&#8217;ambito della rassegna culturale&nbsp;&#8220;Di Torno Girando&#8221; organizzata dall&#8217;Ordine degli ingegneri di Pesaro.<br>In collaborazione con la Biblioteca Oliveriana.<\/p>\n\n\n\n<p><strong>Sabato 20 settembre, ore 17.30<\/strong><em><br><a href=\"https:\/\/www.museomarineriapesaro.it\/index.php\/20-09-25-la-comunita-delle-rive\/\" data-type=\"post\" data-id=\"3416\">La comunit\u00e0 delle rive<\/a><\/em><br>Conversazione di Maria Lucia De Nicol\u00f2<br>in collaborazione con Societ\u00e0 Operaia di Mutuo Soccorso di Pesaro.<\/p>\n\n\n\n<p class=\"has-nv-dark-bg-color has-text-color has-link-color wp-elements-a75db1bc670a4e48689691fa87774550\"><strong>Venerd\u00ec 26 settembre, ore 17.30<\/strong><br><em><a href=\"https:\/\/www.museomarineriapesaro.it\/index.php\/26-09-25-le-mura-roveresche-di-pesaro\/\" data-type=\"post\" data-id=\"3445\">Le mura antiche di Pesaro<\/a><\/em><br>Conversazione di Achille Paianini.<br>In collaborazione con Societ\u00e0 Operaia di Mutuo Soccorso di Pesaro<\/p>\n\n\n\n<p class=\"has-neve-link-hover-color-color has-text-color has-link-color wp-elements-02d61f9196601cd88e270a55c8f5e105\"><strong>OTTOBRE<\/strong><\/p>\n\n\n\n<p class=\"has-nv-dark-bg-color has-text-color has-link-color wp-elements-8588f4d07b7ac05a65e18e069bcdc116\"><strong>Venerd\u00ec 3 ottobre ore 17<\/strong><br>Inaugurazione mostra dell\u2019Associazione Amici della Ceramica di Pesa<br><a href=\"https:\/\/www.museomarineriapesaro.it\/index.php\/03-10-2025-ceramica-a-mare-storie-e-voci-mediterranee-tra-forma-e-materia\/\" data-type=\"post\" data-id=\"3504\"><em>CERAMICA A-MARE Storie e voci mediterranee tra forma e materia<\/em>.<\/a><br>La mostra rimarr\u00e0 aperta fino al 9 gennaio 2025.<\/p>\n\n\n\n<p><strong>Venerd\u00ec 24 ottobre ore 17<\/strong><br><a href=\"https:\/\/www.museomarineriapesaro.it\/index.php\/24-10-2025-mondo-perduto-comunita-costiere-e-attivita-alieutiche\/\" data-type=\"post\" data-id=\"3548\">Mondo perduto. Comunit\u00e0 costiere e attivit\u00e0 alieutiche<em>Comunit\u00e0 costiere e attivit\u00e0 alieutiche<\/em>.<\/a> <br>Proiezione di cortometraggi degli anni \u201950-\u201860 con una conversazione di Paolo Montanari. <br>In collaborazione con&nbsp;Fondazione Cineteca di Bologna &#8211; Archivio Film.<\/p>\n\n\n\n<p class=\"has-neve-link-hover-color-color has-text-color has-link-color wp-elements-4c9037d696b3fa02b69257c80d3613a1\"><strong>NOVEMBRE<\/strong><\/p>\n\n\n\n<p><strong>Venerd\u00ec 21 novembre ore 17<\/strong><br><a href=\"https:\/\/www.museomarineriapesaro.it\/index.php\/21-11-25-ostriche-e-mare-adriatico-un-legame-antico\/\" data-type=\"post\" data-id=\"3607\">Presentazione quaderno n. 29 <em><em>Il tesoro di Anfitrite. <\/em><\/em>Ostrea edulis<em><em>\u00a0in Adriatico<\/em><\/em> della collana \u201cRerum Maritimarum\u201d a cura di Maria Lucia De Nicol\u00f2<\/a><\/p>\n\n\n\n<p class=\"has-neve-link-hover-color-color has-text-color has-link-color wp-elements-7972cc5587820875190bda602c5ffccc\"><strong>DICEMBRE<\/strong><\/p>\n\n\n\n<p><strong>Venerd\u00ec 19 dicembre ore 17&nbsp;<\/strong><br><em>La religiosit\u00e0 dei marinai. Fede e superstizioni<\/em>. <br>Conversazione di Maura Silvagni<\/p>\n","protected":false},"excerpt":{"rendered":"<p>Attivit\u00e0 2025 FEBBRAIO\u2028 Venerd\u00ec 28 Febbraio ore 16.30Presentazione quaderno 28, Brodetto adriatico \u201cbruetti valesani\u201d, cucina di bordo, ricettari, con la partecipazione di Mauro Facchini MARZO\u2028 Venerd\u00ec 28 marzo, ore 16.30Presentazione del libro di Giovanni Ciarrocchi Barche navi velieri della costa cuprense dall\u2019antichit\u00e0 ad oggi.In collaborazione con Centro di documentazione e ricerca del territorio\/Archeoclub Cupra Marittima&hellip;&nbsp;<a href=\"https:\/\/www.museomarineriapesaro.it\/index.php\/calendario-attivita\/\" rel=\"bookmark\">Read More &raquo;<span class=\"screen-reader-text\">Calendario Attivit\u00e0<\/span><\/a><\/p>\n","protected":false},"author":1,"featured_media":2411,"parent":0,"menu_order":0,"comment_status":"closed","ping_status":"closed","template":"","meta":{"neve_meta_sidebar":"","neve_meta_container":"","neve_meta_enable_content_width":"","neve_meta_content_width":0,"neve_meta_title_alignment":"","neve_meta_author_avatar":"","neve_post_elements_order":"","neve_meta_disable_header":"","neve_meta_disable_footer":"","neve_meta_disable_title":"","neve_meta_reading_time":"","_themeisle_gutenberg_block_has_review":false,"footnotes":""},"class_list":["post-1669","page","type-page","status-publish","has-post-thumbnail","hentry"],"_links":{"self":[{"href":"https:\/\/www.museomarineriapesaro.it\/index.php\/wp-json\/wp\/v2\/pages\/1669","targetHints":{"allow":["GET"]}}],"collection":[{"href":"https:\/\/www.museomarineriapesaro.it\/index.php\/wp-json\/wp\/v2\/pages"}],"about":[{"href":"https:\/\/www.museomarineriapesaro.it\/index.php\/wp-json\/wp\/v2\/types\/page"}],"author":[{"embeddable":true,"href":"https:\/\/www.museomarineriapesaro.it\/index.php\/wp-json\/wp\/v2\/users\/1"}],"replies":[{"embeddable":true,"href":"https:\/\/www.museomarineriapesaro.it\/index.php\/wp-json\/wp\/v2\/comments?post=1669"}],"version-history":[{"count":118,"href":"https:\/\/www.museomarineriapesaro.it\/index.php\/wp-json\/wp\/v2\/pages\/1669\/revisions"}],"predecessor-version":[{"id":3619,"href":"https:\/\/www.museomarineriapesaro.it\/index.php\/wp-json\/wp\/v2\/pages\/1669\/revisions\/3619"}],"wp:featuredmedia":[{"embeddable":true,"href":"https:\/\/www.museomarineriapesaro.it\/index.php\/wp-json\/wp\/v2\/media\/2411"}],"wp:attachment":[{"href":"https:\/\/www.museomarineriapesaro.it\/index.php\/wp-json\/wp\/v2\/media?parent=1669"}],"curies":[{"name":"wp","href":"https:\/\/api.w.org\/{rel}","templated":true}]}}