{"id":2378,"date":"2025-05-13T09:17:56","date_gmt":"2025-05-13T07:17:56","guid":{"rendered":"https:\/\/marineriawp.abanet.it\/?page_id=2378"},"modified":"2025-05-22T16:56:53","modified_gmt":"2025-05-22T14:56:53","slug":"altre-pubblicazioni","status":"publish","type":"page","link":"https:\/\/www.museomarineriapesaro.it\/index.php\/altre-pubblicazioni\/","title":{"rendered":"Altre pubblicazioni"},"content":{"rendered":"\n<h1 class=\"wp-block-heading\">Altre pubblicazioni <\/h1>\n\n\n\n<p class=\"blocco\">In questa sezione vengono segnalate alcune pubblicazioni a cura di Maria Lucia De Nicol\u00f2, funzionali ad approfondire particolari temi riguardanti societ\u00e0 costiere, storia della pesca, organizzazione delle marinerie e pi\u00f9 in generale vari aspetti della civilt\u00e0 adriatica dal tardo medio evo al tramonto della vela.<\/p>\n\n\n\n<ul class=\"wp-block-list\">\n<li style=\"font-style:normal;font-weight:400\"><a href=\"https:\/\/www.museomarineriapesaro.it\/wp-content\/uploads\/homo_viator_copia.jpg\" data-type=\"attachment\" data-id=\"3108\" target=\"_blank\" rel=\"noreferrer noopener\"><em>Homo viator. Alberghi, osterie, luoghi di strada dal Trecento al Cinquecento<\/em>,<\/a> Fano, Grapho 5,\u00a0 1997<\/li>\n\n\n\n<li><em><em>La costa difesa. Fortificazione e disegno del litorale adriatico pontificio<\/em>, Fano, Grapho 5, 1998<\/em><\/li>\n\n\n\n<li style=\"font-style:normal;font-weight:400\"><a href=\"https:\/\/www.museomarineriapesaro.it\/wp-content\/uploads\/mangiar_pesce-nelleta_moderna_2004.jpg\" data-type=\"attachment\" data-id=\"3050\" target=\"_blank\" rel=\"noreferrer noopener\"><em>Mangiar pesce nell\u2019et\u00e0 moderna. Diritto di pesca, produzione, conservazione, consumo<\/em>,<\/a> Fano 2004<\/li>\n\n\n\n<li style=\"font-style:normal;font-weight:400\"><em><a href=\"https:\/\/www.museomarineriapesaro.it\/wp-content\/uploads\/microcosmi_mediterranei.jpg\" data-type=\"attachment\" data-id=\"2862\" target=\"_blank\" rel=\"noreferrer noopener\">Microcosmi mediterranei. Le comunit\u00e0 dei pescatori in et\u00e0 moderna<\/a><\/em>, Bologna, Clueb, 2004<\/li>\n\n\n\n<li style=\"font-style:normal;font-weight:400\"><em><a href=\"https:\/\/www.museomarineriapesaro.it\/wp-content\/uploads\/la_pesca_a_coppia.jpg\" data-type=\"attachment\" data-id=\"2869\" target=\"_blank\" rel=\"noreferrer noopener\">La pesca a coppia. Invenzione dell\u2019et\u00e0 moderna o riscoperta?<\/a>,<\/em> Fano 2005<\/li>\n\n\n\n<li style=\"font-style:normal;font-weight:400\"><a href=\"https:\/\/www.museomarineriapesaro.it\/wp-content\/uploads\/tartanone_pesarese_veliero_adriatico.jpg\" data-type=\"attachment\" data-id=\"2865\" target=\"_blank\" rel=\"noreferrer noopener\"><em>Tartanon pesarese un veliero adriatico. Costruzione, governo, attivit\u00e0, usi marittimi. Secc. XV-XIX<\/em>,<\/a> VillaVerucchio, La Pieve Editrice, 2005<\/li>\n\n\n\n<li style=\"font-style:normal;font-weight:400\"><a href=\"https:\/\/www.museomarineriapesaro.it\/wp-content\/uploads\/lasperanza-1.jpg\" data-type=\"attachment\" data-id=\"3109\" target=\"_blank\" rel=\"noreferrer noopener\"><em>La Speranza. Piloti pratici, naufragi, prove di fortuna nell\u2019Adriatico del Set e Settecento<\/em>,<\/a> Villa Verucchio, Editrice La Pieve, 2006<\/li>\n\n\n\n<li style=\"font-style:normal;font-weight:400\"><a href=\"https:\/\/www.museomarineriapesaro.it\/wp-content\/uploads\/mediterraneo_archeologia_navale_storia_marittima.jpg\" data-type=\"attachment\" data-id=\"2859\" target=\"_blank\" rel=\"noreferrer noopener\"><em>Archeologia navale e storia marittima<\/em>, \u201cAtti della International Summer School Mediterraneo\u201d Universit\u00e0 di Bologna<\/a>, 2007<\/li>\n\n\n\n<li style=\"font-style:normal;font-weight:400\"><em><a href=\"https:\/\/www.museomarineriapesaro.it\/wp-content\/uploads\/la_comunita\u0300_delle_rive.jpg\" data-type=\"attachment\" data-id=\"2867\" target=\"_blank\" rel=\"noreferrer noopener\">La comunit\u00e0 delle rive. Un\u2019identit\u00e0 mediterranea<\/a><\/em>, Villa Verucchio 2007<\/li>\n\n\n\n<li style=\"font-style:normal;font-weight:400\"><a href=\"https:\/\/www.museomarineriapesaro.it\/wp-content\/uploads\/copertina_vele-dipinte.jpg\" data-type=\"attachment\" data-id=\"2907\" target=\"_blank\" rel=\"noreferrer noopener\"><em>Barche e vele dipinte<\/em>,<\/a> Villa Verucchio 2007<\/li>\n\n\n\n<li style=\"font-style:normal;font-weight:400\"><a href=\"https:\/\/www.museomarineriapesaro.it\/wp-content\/uploads\/meditteraneo_economia_dei_litorali.jpg\" data-type=\"attachment\" data-id=\"2861\" target=\"_blank\" rel=\"noreferrer noopener\"><em>Economia dei litorali e gestione delle risorse dall\u2019antichit\u00e0 al Novecento<\/em>, \u201cAtti della International Summer School<em> Mediterraneo<\/em>\u201d<\/a> Universit\u00e0 di Bologna, 2008<\/li>\n\n\n\n<li style=\"font-style:normal;font-weight:400\"><em><a href=\"https:\/\/www.museomarineriapesaro.it\/wp-content\/uploads\/pesce_povero.jpg\" data-type=\"attachment\" data-id=\"2863\" target=\"_blank\" rel=\"noreferrer noopener\">Pesce povero. Una risorsa per la salute<\/a><\/em>, Fano 2008<\/li>\n\n\n\n<li style=\"font-style:normal;font-weight:400\"><em><a href=\"https:\/\/www.museomarineriapesaro.it\/wp-content\/uploads\/rimini_marinara.jpg\" data-type=\"attachment\" data-id=\"2864\" target=\"_blank\" rel=\"noreferrer noopener\">Rimini Marinara. Istituzioni, societ\u00e0, tradizione navale (secoli XIII-XVIII)<\/a><\/em>, Villa Verucchio 2008<\/li>\n\n\n\n<li style=\"font-style:normal;font-weight:400\"><em><a href=\"https:\/\/www.museomarineriapesaro.it\/wp-content\/uploads\/uomini_-barche.jpg\" data-type=\"attachment\" data-id=\"2866\" target=\"_blank\" rel=\"noreferrer noopener\">Uomini e barche. Cultura, memorie, tradizioni del litorale marchigiano<\/a><\/em>, a cura, Acquaviva Picena 2008<\/li>\n\n\n\n<li style=\"font-style:normal;font-weight:400\"><a href=\"https:\/\/www.museomarineriapesaro.it\/wp-content\/uploads\/copertina_le_gabicc_copia.jpg\" data-type=\"attachment\" data-id=\"2746\" target=\"_blank\" rel=\"noreferrer noopener\"><em>Le Gabicce. Insediamenti, agricoltura, caccia, pesca, secoli XV-XVIII<\/em>,<\/a> Villa Verucchio 2009<\/li>\n\n\n\n<li style=\"font-style:normal;font-weight:400\"><a href=\"https:\/\/www.museomarineriapesaro.it\/wp-content\/uploads\/mediterraneo_sulle-rotte_dei_relitti.jpg\" data-type=\"attachment\" data-id=\"2860\" target=\"_blank\" rel=\"noreferrer noopener\"><em>Sulle rotte dei relitti e dei linguaggi del mare<\/em>, \u201cAtti della International Summer School <em>Mediterraneo<\/em>\u201d<\/a> Universit\u00e0 di Bologna, 2009<\/li>\n\n\n\n<li style=\"font-style:normal;font-weight:400\"><em><a href=\"https:\/\/www.museomarineriapesaro.it\/wp-content\/uploads\/mediterraneo_archeologia_civilta_vino.jpg\" data-type=\"attachment\" data-id=\"2858\" target=\"_blank\" rel=\"noreferrer noopener\">Archeologia e civilt\u00e0 del vino. Produzione, scambi, barche, traffici dall\u2019Antichit\u00e0 al Novecento<\/a><\/em>, \u201cAtti della International Summer School <em>Mediterraneo<\/em>\u201d Universit\u00e0 di Bologna, 2010<\/li>\n\n\n\n<li style=\"font-style:normal;font-weight:400\"><a href=\"https:\/\/www.museomarineriapesaro.it\/wp-content\/uploads\/copertina_marineria-risorta-scaled-e1747383243656.jpg\" data-type=\"attachment\" data-id=\"2745\" target=\"_blank\" rel=\"noreferrer noopener\"><em>Marineria risorta<\/em>. <em>Una comunit\u00e0 di pescatori tra Romagna e Marche<\/em><\/a><em>,<\/em> Villa Verucchio 2016<\/li>\n<\/ul>\n\n\n\n<p><\/p>\n\n\n\n<p>I volumi sono disponibili in formato pdf, per richiederli: <a href=\"mailto:marialucia.denicolo@unibo.it\">marialucia.denicolo@unibo.it<\/a><\/p>\n\n\n\n<p><\/p>\n","protected":false},"excerpt":{"rendered":"<p>Altre pubblicazioni In questa sezione vengono segnalate alcune pubblicazioni a cura di Maria Lucia De Nicol\u00f2, funzionali ad approfondire particolari temi riguardanti societ\u00e0 costiere, storia della pesca, organizzazione delle marinerie e pi\u00f9 in generale vari aspetti della civilt\u00e0 adriatica dal tardo medio evo al tramonto della vela. I volumi sono disponibili in formato pdf, per&hellip;&nbsp;<a href=\"https:\/\/www.museomarineriapesaro.it\/index.php\/altre-pubblicazioni\/\" rel=\"bookmark\">Read More &raquo;<span class=\"screen-reader-text\">Altre pubblicazioni<\/span><\/a><\/p>\n","protected":false},"author":1,"featured_media":2470,"parent":0,"menu_order":0,"comment_status":"closed","ping_status":"closed","template":"","meta":{"neve_meta_sidebar":"","neve_meta_container":"","neve_meta_enable_content_width":"","neve_meta_content_width":0,"neve_meta_title_alignment":"","neve_meta_author_avatar":"","neve_post_elements_order":"","neve_meta_disable_header":"","neve_meta_disable_footer":"","neve_meta_disable_title":"","neve_meta_reading_time":"","_themeisle_gutenberg_block_has_review":false,"footnotes":""},"class_list":["post-2378","page","type-page","status-publish","has-post-thumbnail","hentry"],"_links":{"self":[{"href":"https:\/\/www.museomarineriapesaro.it\/index.php\/wp-json\/wp\/v2\/pages\/2378","targetHints":{"allow":["GET"]}}],"collection":[{"href":"https:\/\/www.museomarineriapesaro.it\/index.php\/wp-json\/wp\/v2\/pages"}],"about":[{"href":"https:\/\/www.museomarineriapesaro.it\/index.php\/wp-json\/wp\/v2\/types\/page"}],"author":[{"embeddable":true,"href":"https:\/\/www.museomarineriapesaro.it\/index.php\/wp-json\/wp\/v2\/users\/1"}],"replies":[{"embeddable":true,"href":"https:\/\/www.museomarineriapesaro.it\/index.php\/wp-json\/wp\/v2\/comments?post=2378"}],"version-history":[{"count":45,"href":"https:\/\/www.museomarineriapesaro.it\/index.php\/wp-json\/wp\/v2\/pages\/2378\/revisions"}],"predecessor-version":[{"id":3194,"href":"https:\/\/www.museomarineriapesaro.it\/index.php\/wp-json\/wp\/v2\/pages\/2378\/revisions\/3194"}],"wp:featuredmedia":[{"embeddable":true,"href":"https:\/\/www.museomarineriapesaro.it\/index.php\/wp-json\/wp\/v2\/media\/2470"}],"wp:attachment":[{"href":"https:\/\/www.museomarineriapesaro.it\/index.php\/wp-json\/wp\/v2\/media?parent=2378"}],"curies":[{"name":"wp","href":"https:\/\/api.w.org\/{rel}","templated":true}]}}