{"id":3,"date":"2023-10-24T16:15:24","date_gmt":"2023-10-24T14:15:24","guid":{"rendered":"http:\/\/marineriawp.abanet.it\/?page_id=3"},"modified":"2025-05-21T14:45:55","modified_gmt":"2025-05-21T12:45:55","slug":"privacy-policy","status":"publish","type":"page","link":"https:\/\/www.museomarineriapesaro.it\/index.php\/privacy-policy\/","title":{"rendered":"Privacy Policy"},"content":{"rendered":"\n<h3 class=\"wp-block-heading\">Chi siamo<\/h3>\n\n\n\n<p>L\u2019indirizzo del nostro sito web \u00e8: <a href=\"https:\/\/www.museomarineriapesaro.it\">https:\/\/www.museomarineriapesaro.it<\/a><\/p>\n\n\n\n<p>Eventuali dati forniti dall\u2019utente nella scheda di richiesta informazioni vengono acquisiti da <strong>MUSEO DELLA MARINERIA WASHINGTON PATRIGNANI PESARO<\/strong> in sede di esecuzione dei servizi prestati alla propria clientela e sono registrati su database elettronici di propriet\u00e0 di MUSEO DELLA MARINERIA WASHINGTON PATRIGNANI PESARO, che ne sar\u00e0 titolare per il trattamento.<\/p>\n\n\n\n<h3 class=\"wp-block-heading\"><strong>Con chi condividiamo i tuoi dati<\/strong><\/h3>\n\n\n\n<p>I dati personali dell\u2019utente saranno utilizzati da <strong>MUSEO DELLA MARINERIA WASHINGTON PATRIGNANI PESARO<\/strong> nel rispetto dei principi di protezione della privacy stabiliti dal <strong><em>Regolamento Europeo n\u00b0 679\/ 2016 (GDPR) <\/em><\/strong>in materia di protezione dei dati personali e dalle altre norme vigenti in materia di protezione dei dati personali.<\/p>\n\n\n\n<p>I dati personali richiesti sono suddivisi in due categorie: <strong><em>obbligatori <\/em><\/strong>e <strong><em>facoltativi<\/em><\/strong>, come risulta nella procedura di richiesta di contatto e\/o di attivazione dei servizi offerti.<br>Il conferimento dei dati obbligatori ed il relativo trattamento per le finalit\u00e0 sopra indicate sono strettamente funzionali all\u2019esecuzione dei servizi indicati.<br>L\u2019eventuale rifiuto dell\u2019Utente a fornire tali dati o l\u2019eventuale rifiuto di consentire al loro trattamento comporter\u00e0 l\u2019impossibilit\u00e0 di usufruire del servizio offerto da <strong>MUSEO DELLA MARINERIA WASHINGTON PATRIGNANI PESARO<\/strong>.<br>Gli altri dati raccolti servono ad aiutare <strong>MUSEO DELLA MARINERIA WASHINGTON PATRIGNANI PESARO<\/strong> ad offrire un servizio sempre migliore.<br>Rispetto ad essi, l\u2019Utente \u00e8 libero di fornirli o meno.<\/p>\n\n\n\n<p><strong>Si specifica che per i dati raccolti NON esiste un processo decisionale automatizzato<\/strong>, ivi inclusa la profilazione (<em><strong>art. 3.4<\/strong><\/em>): La profilazione \u00e8 \u201cqualsiasi forma di trattamento automatizzato di dati personali consistente nell\u2019utilizzo di tali dati personali per valutare determinati aspetti personali relativi a una persona fisica, in particolare per analizzare o prevedere aspetti riguardanti il rendimento professionale, la situazione economica, la salute, le preferenze personali, gli interessi, l\u2019affidabilit\u00e0, il comportamento, l\u2019ubicazione o gli spostamenti di detta persona fisica\u201c.<\/p>\n\n\n\n<p><strong>In particolare, le finalit\u00e0 del trattamento dei dati personali sono le seguenti:<\/strong><\/p>\n\n\n\n<ul class=\"wp-block-list\">\n<li>fornire i servizi previsti;<\/li>\n\n\n\n<li>verificare la qualit\u00e0 dei servizi offerti;<\/li>\n\n\n\n<li>provvedere a tutti gli eventuali adempimenti contabili e fiscali;<\/li>\n\n\n\n<li>risalire ad autori di eventuali illeciti solo in caso di specifiche richieste e per conto delle autorit\u00e0 competenti.<\/li>\n<\/ul>\n\n\n\n<p><strong>Qualora l\u2019Utente abbia prestato apposito consenso:<\/strong><br>fornire le informazioni e\/o offerte su prodotti, servizi o iniziative offerti o promossi da <strong>MUSEO DELLA MARINERIA WASHINGTON PATRIGNANI PESARO<\/strong> e\/o da societ\u00e0 affiliate, cos\u00ed come da partners commerciali ed outsourcers, senza che ci\u00f2 determini la cessione dei dati personali a soggetti terzi;<\/p>\n\n\n\n<p>L\u2019Utente potr\u00e0 accedere ai propri dati in qualsiasi momento ed esercitare i propri diritti.<\/p>\n\n\n\n<h3 class=\"wp-block-heading\">Per quanto tempo conserviamo i tuoi dati<\/h3>\n\n\n\n<p>I dati ricevuti sono archiviati a tempo indeterminato su server protetti.<\/p>\n\n\n\n<h3 class=\"wp-block-heading\">Diritti dell\u2019interessato \u2013 GDPR Capo III (Artt. 12-23)<\/h3>\n\n\n\n<p><strong>Diritto di accesso (art. 15)<\/strong><br>Il diritto di accesso prevede in ogni caso il diritto di ricevere una copia dei dati personali oggetto di trattamento.<\/p>\n\n\n\n<p><strong>Diritto di cancellazione (diritto all\u00b4oblio) (art.17)<\/strong><br>l\u00b4interessato ha il diritto di chiedere la cancellazione dei propri dati, anche dopo revoca del consenso al trattamento (art. 17, paragrafo 1).<\/p>\n\n\n\n<p><strong>Diritto di limitazione del trattamento (art. 18)<\/strong><br>Il diritto alla limitazione prevede che il dato personale sia \u2018contrassegnato\u2019 in attesa di determinazioni ulteriori; Esclusa la conservazione, ogni altro trattamento del dato di cui si chiede la limitazione \u00e8 vietato a meno che ricorrano determinate circostanze (consenso dell\u00b4interessato, accertamento diritti in sede giudiziaria, tutela diritti di altra persona fisica o giuridica, interesse pubblico rilevante).<br><strong>Diritto alla portabilit\u00e0 dei dati (art. 20)<\/strong><br>L\u2019interessato ha diritto di richiedere di trasferire direttamente i dati portabili a un altro titolare indicato, se tecnicamente possibile.<\/p>\n\n\n\n<h3 class=\"wp-block-heading\">Regolamento Europeo n\u00b0 679\/ 2016 (GDPR)<\/h3>\n\n\n\n<p><strong>L\u2019interessato ha diritto di ottenere la conferma dell\u2019esistenza o meno di dati personali che lo riguardano, anche se non ancora registrati, e la loro comunicazione in forma intellegibile.<\/strong><br><strong>L\u2019interessato ha diritto di ottenere l\u2019indicazione:<\/strong><br><em>a) dell\u2019origine dei dati personali;<br>b) delle finalit\u00e0 e modalit\u00e0 del trattamento;<br>c) della logica applicata in caso di trattamento effettuato con l\u2019ausilio di strumenti elettronici;<br>d) degli estremi identificativi del titolare, dei responsabili e del rappresentante designato;<br>e) dei soggetti o delle categorie di soggetti ai quali i dati personali possono essere comunicati o che possono venirne a conoscenza in qualit\u00e0 di rappresentante designato nel territorio dello stato, di responsabili o incaricati.<\/em><br><strong>L\u2019interessato ha diritto di ottenere:<\/strong><br><em>a) l\u2019aggiornamento, la rettificazione ovvero, quando vi ha interesse, l\u2019integrazione dei dati;<br>b) la cancellazione, la trasformazione, in forma anonima o il blocco dei dati trattati in violazione di legge, compresi quelli di cui non \u00e8 necessaria la conservazione in relazione agli scopi per i quali i dati sono stati raccolti o successivamente trattati;<br>c) l\u2019attestazione che le operazioni di cui alle lettera a) e b) sono state portate a conoscenza, anche per quanto riguarda il loro contenuto, di colori ai quali i dati sono stati comunicati o diffusi, eccettuato il caso in cui tale adempimento si rivela impossibile o comporta un impiego di mezzi manifestamente sproporzionato rispetto al diritto tutelato.<\/em><br><strong>L\u2019interessato ha diritto di opporsi, in tutto o in parte:<\/strong><br><em>a) per motivi legittimi al trattamento dei dati personali che lo riguardano ancorch\u00e8 pertinenti allo scopo della raccolta;<br>b) al trattamento dei dati personali che lo riguardano a fini di invio di materiale pubblicitario o di vendita diretta o per il compimento di ricerche di mercato o di comunicazione commerciale.\u201c<\/em><\/p>\n\n\n\n<h3 class=\"wp-block-heading\">Reclamo<\/h3>\n\n\n\n<p>Ti informiamo che hai diritto di <strong>proporre reclamo<\/strong> a un\u2019Autorit\u00e0 di controllo nel caso in cui ritieni che il trattamento dei tuoi dati personali non sia conforme alla normativa in materia di privacy ai sensi dell\u2019art.13 lett. d) GDPR;<\/p>\n\n\n\n<p>L\u2019utente potr\u00e0 esercitare i diritti di cui all\u2019art. 7 del D.Lgs 196\/2003, (aggiornamento, rettificazione, integrazione, cancellazione, trasformazione, in forma anonima o il blocco dei dati trattati in violazione di legge, opposizione, richiesta delle informazioni di cui al 1\u00b0capoverso e di cui alle lettere a), b), c), d) e) 2\u00b0 capoverso), rivolgendosi a <strong>MUSEO DELLA MARINERIA WASHINGTON PATRIGNANI PESARO<\/strong> \u2013 telefono 0721 35588<br>Oppure mandando un e-mail al seguente indirizzo <a href=\"mailto:museomarineria@comune.pesaro.pu\">museomarineria@comune.pesaro.pu<\/a><\/p>\n","protected":false},"excerpt":{"rendered":"<p>Chi siamo L\u2019indirizzo del nostro sito web \u00e8: https:\/\/www.museomarineriapesaro.it Eventuali dati forniti dall\u2019utente nella scheda di richiesta informazioni vengono acquisiti da MUSEO DELLA MARINERIA WASHINGTON PATRIGNANI PESARO in sede di esecuzione dei servizi prestati alla propria clientela e sono registrati su database elettronici di propriet\u00e0 di MUSEO DELLA MARINERIA WASHINGTON PATRIGNANI PESARO, che ne sar\u00e0&hellip;&nbsp;<a href=\"https:\/\/www.museomarineriapesaro.it\/index.php\/privacy-policy\/\" rel=\"bookmark\">Read More &raquo;<span class=\"screen-reader-text\">Privacy Policy<\/span><\/a><\/p>\n","protected":false},"author":1,"featured_media":3060,"parent":0,"menu_order":0,"comment_status":"closed","ping_status":"open","template":"","meta":{"neve_meta_sidebar":"","neve_meta_container":"","neve_meta_enable_content_width":"","neve_meta_content_width":0,"neve_meta_title_alignment":"","neve_meta_author_avatar":"","neve_post_elements_order":"","neve_meta_disable_header":"","neve_meta_disable_footer":"","neve_meta_disable_title":"","neve_meta_reading_time":"","_themeisle_gutenberg_block_has_review":false,"footnotes":""},"class_list":["post-3","page","type-page","status-publish","has-post-thumbnail","hentry"],"_links":{"self":[{"href":"https:\/\/www.museomarineriapesaro.it\/index.php\/wp-json\/wp\/v2\/pages\/3","targetHints":{"allow":["GET"]}}],"collection":[{"href":"https:\/\/www.museomarineriapesaro.it\/index.php\/wp-json\/wp\/v2\/pages"}],"about":[{"href":"https:\/\/www.museomarineriapesaro.it\/index.php\/wp-json\/wp\/v2\/types\/page"}],"author":[{"embeddable":true,"href":"https:\/\/www.museomarineriapesaro.it\/index.php\/wp-json\/wp\/v2\/users\/1"}],"replies":[{"embeddable":true,"href":"https:\/\/www.museomarineriapesaro.it\/index.php\/wp-json\/wp\/v2\/comments?post=3"}],"version-history":[{"count":6,"href":"https:\/\/www.museomarineriapesaro.it\/index.php\/wp-json\/wp\/v2\/pages\/3\/revisions"}],"predecessor-version":[{"id":3073,"href":"https:\/\/www.museomarineriapesaro.it\/index.php\/wp-json\/wp\/v2\/pages\/3\/revisions\/3073"}],"wp:featuredmedia":[{"embeddable":true,"href":"https:\/\/www.museomarineriapesaro.it\/index.php\/wp-json\/wp\/v2\/media\/3060"}],"wp:attachment":[{"href":"https:\/\/www.museomarineriapesaro.it\/index.php\/wp-json\/wp\/v2\/media?parent=3"}],"curies":[{"name":"wp","href":"https:\/\/api.w.org\/{rel}","templated":true}]}}