{"id":3577,"date":"2025-10-16T12:14:38","date_gmt":"2025-10-16T10:14:38","guid":{"rendered":"https:\/\/www.museomarineriapesaro.it\/?page_id=3577"},"modified":"2026-04-16T17:09:21","modified_gmt":"2026-04-16T15:09:21","slug":"attivita-2026","status":"publish","type":"page","link":"https:\/\/www.museomarineriapesaro.it\/index.php\/attivita-2026\/","title":{"rendered":"Attivit\u00e0 2026"},"content":{"rendered":"\n<h1 class=\"wp-block-heading\"><strong>Attivit\u00e0 2026<\/strong><\/h1>\n\n\n\n<p><\/p>\n\n\n\n<p><\/p>\n\n\n\n<p class=\"has-neve-link-hover-color-color has-text-color has-link-color wp-elements-3d1991f7eb99312c620302963def3641\"><strong>GENNAIO<\/strong><\/p>\n\n\n\n<p class=\"BLOCCO\"><strong>Venerd\u00ec 16 Gennaio, ore 17<\/strong> Sala conferenze<br><em><a href=\"https:\/\/www.museomarineriapesaro.it\/index.php\/16-01-2026-pesce-armato-i-crostacei-della-tradizione\/\" data-type=\"post\" data-id=\"3725\">Pesce armato. I crostacei della tradizione<\/a><\/em><br>Presentazione del libro edito da O.P.PE.F.S.,Organizzazione Produttori Pesca di Fano, Marotta e Senigallia, Societ\u00e0 Consortile a.r.l.<br>Intervengono: Tonino Giardini presidente Associazione pescatori Fano, Marotta Senigallia e Maria Lucia De Nicol\u00f2<\/p>\n\n\n\n<p class=\"has-neve-link-hover-color-color has-text-color has-link-color wp-elements-97791f38e6ff1dbd99f8cc5070b2e0cc\"><strong>FEBBRAIO<\/strong><\/p>\n\n\n\n<p><strong>Venerd\u00ec 20 Febbraio, ore 17<\/strong> Sala conferenze<br><em><a href=\"https:\/\/www.museomarineriapesaro.it\/index.php\/20-02-2026-il-bestiario-marino-dei-mosaici-del-duomo-di-pesaro\/\" data-type=\"post\" data-id=\"3741\">Il bestiario marino dei mosaici del Duomo di Pesaro<\/a><\/em><br>Conversazione di Achille Paianini. In collaborazione con Societ\u00e0 Operaia&nbsp;&nbsp;&nbsp;&nbsp;<\/p>\n\n\n\n<p class=\"has-neve-link-hover-color-color has-text-color has-link-color wp-elements-ae9f528fbb8a6bee2abd5884f069e385\"><strong>MARZO<\/strong><\/p>\n\n\n\n<p class=\"BLOCCO\"><strong>Venerd\u00ec 20 Marzo, ore 17<\/strong> Sala conferenze<br><em><a href=\"https:\/\/www.museomarineriapesaro.it\/index.php\/20-03-2026\/\" data-type=\"post\" data-id=\"3807\">Maestri d\u2019ascia. Il patrimonio immateriale della cultura del mare.<\/a><\/em><br>Conversazione di Grazia Nicotra, PhD Student in&nbsp;<em>Scienze per il Patrimonio e la Produzione Culturale &#8211; Universit\u00e0 degli Studi di Catania<\/em>&nbsp;<\/p>\n\n\n\n<p class=\"has-neve-link-hover-color-color has-text-color has-link-color wp-elements-2585efb942d778752f59c47a0434ec1c\"><strong>APRILE<\/strong><\/p>\n\n\n\n<p class=\"BLOCCO\"><strong>Venerd\u00ec 17 Aprile, ore 17<\/strong> Sala conferenze<br><em><a href=\"https:\/\/www.museomarineriapesaro.it\/index.php\/17-04-2026-culto-e-immagini-dei-santi-venerati-da-marinai-e-pescatori-nel-rione-porto-a-senigallia\/\" data-type=\"post\" data-id=\"3837\">Culto e immagini dei Santi venerati da marinai e pescatori nel rione Porto a Senigallia<\/a><\/em><br>Conversazione di Donato Mori storico dell\u2019arte studioso d\u2019iconografia.<br>I Santi venerati da marinai e pescatori dal Cinquecento fino al Novecento nelle due chiese del rione Porto a Senigallia con notizie sulle loro immagini e sulle confraternite ad essi legate, senza trascurare la storia del quartiere e dei suoi personaggi (compresa la famiglia dei calafati Donati).<\/p>\n\n\n\n<p><strong>Venerd\u00ec 24 aprile, ore 17<\/strong> Sala conferenze<br><a href=\"https:\/\/www.museomarineriapesaro.it\/index.php\/24-04-2026-more-il-piccolo-lavoratore-del-mare-di-maria-lucia-de-nicolo-presentazione-del-quaderno-n-30-della-collana-rerum-maritimarum\/\" data-type=\"post\" data-id=\"3821\">Presentazione quaderno n.30, <em>Mor\u00e8. Il piccolo lavoratore del mare, <\/em>collana <em>Rerum Maritimarum<\/em><\/a><\/p>\n\n\n\n<p class=\"has-neve-link-hover-color-color has-text-color has-link-color wp-elements-a3131fe7ba9a4c434491b1a1f91b7dde\"><strong>MAGGIO<\/strong><\/p>\n\n\n\n<p class=\"BLOCCO\"><strong>Venerd\u00ec 22 Maggio, ore 17<\/strong> Sala conferenze<br><em>Il mare invisibile<\/em> di Gianni Lannes, Proiezione documentario (durata 30\u2019).<br>Testimonianza di alcuni ex pescatori di Fano, Pesaro, Gabicce e Cattolica, nonch\u00e9 di rappresentati politici delle istituzioni e del biologo marino Ezio Amato; inchiesta a cui Gianni Lannes, giornalista investigativo, sta lavorando ormai da vent\u2019anni, continuando a ricercare riscontri nei mari d&#8217;Italia e documenti militari e civili negli archivi nazionali ed internazionali e a raccogliere prove relative alla presenza di migliaia di bombe speciali&nbsp; (armi chimiche: bandite dalla Convenzione di Ginevra del 1925 e dal Trattato di Parigi del 1993) nelle acque dei mari italiani.<\/p>\n\n\n\n<p class=\"BLOCCO\"><strong>Inaugurazione mostra fotografica<\/strong>, a cura di Gianni Lannes. Durata mostra: 22 maggio-26 luglio<\/p>\n\n\n\n<p class=\"has-neve-link-hover-color-color has-text-color has-link-color wp-elements-3be37bafa3b3c01aff7f9cb096596c3f\"><strong>GIUGNO<\/strong><\/p>\n\n\n\n<p><strong>Gioved\u00ec, venerd\u00ec, sabato 4-5-6 giugno<\/strong><br><em>\u201cPurassa Day\u201d, il gusto del mare di Pesaro<\/em><br>a cura del Comune di Pesaro<\/p>\n\n\n\n<p><strong>Sabato 6 Giugno<\/strong><br><em>Voci in giardino<\/em>. Saggio finale, coro di voci bianche.<\/p>\n\n\n\n<p><strong>Venerd\u00ec 19 Giugno, <\/strong>ore 17:30 giardino di Villa Molaroni<br><em>Corrado Piccinetti Memorial<\/em><\/p>\n\n\n\n<p class=\"BLOCCO\"><strong>Venerd\u00ec 26 giugno, ore 18<\/strong> giardino di Villa Molaroni<br>Morten A. Str\u00f8ksnes <em>Il libro del mare<\/em><br>Relatore:&nbsp;Emanuela Fanelli;&nbsp;moderatore:&nbsp;Filippo Bargnesi.<br>Mare, Mistero e la Ricerca del S\u00e9 nell\u2019Ignoto Marino. Dall\u2019abisso alla coscienza ecologica.<br>In collaborazione con <em>Lupus in fabula.<\/em> La caccia al leggendario squalo della Groenlandia diventa qui il pretesto per un\u2019indagine urgente sulla salute dei nostri oceani.<\/p>\n\n\n\n<p class=\"has-neve-link-hover-color-color has-text-color has-link-color wp-elements-4f463e572ad8a78f66a0d2ce827584e8\"><strong>LUGLIO<\/strong><\/p>\n\n\n\n<p class=\"BLOCCO\"><strong>Sabato 4 Luglio, ore 18<\/strong><br>Una finestra sulla citt\u00e0. In ricordo di Massimo Pandolfi. Letture nel Parco con Lucia Ferrati.<br>Massimo Pandolfi, ricercatore dell\u2019Universit\u00e0 di Urbino,&nbsp;ha sempre considerato il mondo dell\u2019ambiente naturale come fonte mirabile di meraviglia e curiosit\u00e0 scientifica; per questo la sua scrittura \u00e8 piena di riferimenti reali ed immaginari.<\/p>\n\n\n\n<p><strong>Venerd\u00ec 10 Luglio, ore 18<\/strong><br>Il Corallo. Conversazione di Anna Pia Giansanti.<\/p>\n\n\n\n<p><strong>Sabato 18 Luglio, ore 18<\/strong>, giardino di Villa Molaroni<br><strong>Inaugurazione mostra fotografica<\/strong> &#8221;Sul fondo del mare&#8221;<br>di Marco Boncompagni, fotografo subacqueo. La mostra sar\u00e0 visibile fino al 30 agosto.<br><strong>Conferenza<\/strong> &#8221;Sul fondo del mare&#8221;<br>Relatrici: Prof.ssa Federica Semprucci e Dr.ssa Eleonora Grassi, phd Univerisit\u00e0 degli Studi di Urbino Carlo Bo DiSB.<br>Iniziativa del progetto di terza missione &#8220;La biodiversit\u00e0 dove meno te l&#8217;aspetti: biodiversit\u00e0 e diversit\u00e0 umana tra scienza e inclusione&#8221;<br>Universit\u00e0 di Urbino Carlo Bo DIsB e DISTUM, Archivio Loreno Sguanci APS, Azob\u00e9 Odv, Museo della Marineria Washington Patrignani<\/p>\n\n\n\n<p class=\"has-neve-link-hover-color-color has-text-color has-link-color wp-elements-cc2c88509c3ee44876733924257e75e8\"><strong>AGOSTO<\/strong><\/p>\n\n\n\n<p><strong>Sabato 1 agosto ore 18 <\/strong>Sala mostre Museo<br><em>Sassi d\u2019autore<\/em><br><strong>Inaugurazione mostra<\/strong> di Stefano Furlani. La mostra rester\u00e0 aperta dal 1 agosto al 16 ottobre<\/p>\n\n\n\n<p><strong>Sabato 8 Agosto, ore 18<\/strong> giardino di Villa Molaroni<br>Vino e territorio, conferenza.<\/p>\n\n\n\n<p class=\"has-neve-link-hover-color-color has-text-color has-link-color wp-elements-ea58230d583a11aecd18770816e77ae1\"><strong>SETTEMBRE <\/strong><\/p>\n\n\n\n<p class=\"BLOCCO\"><strong>Sabato 5 Settembre, ore 18<\/strong>, giardino di Villa Molaroni<br><strong>Inaugurazione mostra<\/strong> <em>Gli invisibili<\/em>. La biodiversit\u00e0 dove meno te l&#8217;aspetti: biodiversit\u00e0 e diversit\u00e0 umana tra scienza e inclusione.<br>Mostra fotografica a cura della Prof.ssa Federica Semprucci e della Dr.ssa Eleonora Grassi, phd Universit\u00e0 degli Studi di Urbino Carlo Bo DiSB. <br>La mostra sar\u00e0 visibile fino al 4 ototbre 2026.<\/p>\n\n\n\n<p><strong>Conferenza <\/strong><em>Il mare nascosto. Viaggio nella biodiversit\u00e0 dei sedimenti marini<\/em><br>Presentazione del quaderno n.31, autori: Prof.ssa Federica Semprucci e Dr.ssa Eleonora Grassi, phd Universit\u00e0 degli Studi di Urbino Carlo Bo DiSB.<br>In collaborazione con Archivio Loreno Sguanci APS e Azob\u00e9 ODV.<br>Iniziativa inserita nel progetto di Terza Missione \u201cLa diversit\u00e0 dove meno te l\u2019aspetti: biodiversit\u00e0 e diversit\u00e0 umana tra scienza e inclusione\u201d.<\/p>\n\n\n\n<p><strong>Venerd\u00ec 25 Settembre<\/strong>, <strong>ore 17<\/strong> Sala conferenze<br><em>Incursioni di pirati e corsari sul litorale di Pesaro. Storie. La confraternita del porto<\/em>, in occasione della ricorrenza della festa di San Terenzio, patrono di Pesaro. Conversazione di Gabriele Falciasecca.<\/p>\n\n\n\n<p class=\"has-neve-link-hover-color-color has-text-color has-link-color wp-elements-02d61f9196601cd88e270a55c8f5e105\"><strong>OTTOBRE<\/strong><\/p>\n\n\n\n<p><strong>Venerd\u00ec 16 Ottobre, ore 17<\/strong> Sala conferenze<br><em>Nave di Comacchio, <\/em>conversazione di Anna Pia Giansanti.<\/p>\n\n\n\n<p class=\"has-neve-link-hover-color-color has-text-color has-link-color wp-elements-4c9037d696b3fa02b69257c80d3613a1\"><strong>NOVEMBRE<\/strong><\/p>\n\n\n\n<p><strong>Venerd\u00ec 20 Novembre, ore 17<\/strong> Sala conferenze<br><em>Sequenze di gola. Cinema e cibo<\/em>. <em>Mangiare pesci e crostacei sullo schermo<\/em>.&nbsp;&nbsp;<br>Proiezione filmati e conversazione di Cristina Bragaglia, Universit\u00e0 di Bologna.<br><strong>Inaugurazione Mostra: <\/strong><em>Cibi nell\u2019arte<\/em> di Laura Lippera, Vicepresidente Associazione Ceramisti pesaresi.<\/p>\n\n\n\n<p class=\"has-neve-link-hover-color-color has-text-color has-link-color wp-elements-7972cc5587820875190bda602c5ffccc\"><strong>DICEMBRE<\/strong><\/p>\n\n\n\n<p class=\"has-neve-link-color-color has-text-color has-link-color wp-elements-ba274004dc610abac8a43697976c4a25\"><strong>Venerd\u00ec 4 Dicembre, ore 17 <\/strong>Sala conferenze<br><em>Casanova<\/em>. Conversazione di Paolo Montanari&nbsp;e Achille Paianini.<\/p>\n\n\n\n<p class=\"has-neve-link-color-color has-text-color has-link-color wp-elements-e0a93c2eb1a4735e94d485a7f47a13a0\"><strong>Venerd\u00ec 18 Dicembre, ore 17<\/strong> Sala conferenze<br><em>La pesca meccanica<\/em>. Presentazione quaderno n. 32, collana <em>Rerum Marittimarum<\/em>.<br><\/p>\n","protected":false},"excerpt":{"rendered":"<p>Attivit\u00e0 2026 GENNAIO Venerd\u00ec 16 Gennaio, ore 17 Sala conferenzePesce armato. I crostacei della tradizionePresentazione del libro edito da O.P.PE.F.S.,Organizzazione Produttori Pesca di Fano, Marotta e Senigallia, Societ\u00e0 Consortile a.r.l.Intervengono: Tonino Giardini presidente Associazione pescatori Fano, Marotta Senigallia e Maria Lucia De Nicol\u00f2 FEBBRAIO Venerd\u00ec 20 Febbraio, ore 17 Sala conferenzeIl bestiario marino dei mosaici&hellip;&nbsp;<a href=\"https:\/\/www.museomarineriapesaro.it\/index.php\/attivita-2026\/\" rel=\"bookmark\">Read More &raquo;<span class=\"screen-reader-text\">Attivit\u00e0 2026<\/span><\/a><\/p>\n","protected":false},"author":2,"featured_media":3596,"parent":0,"menu_order":0,"comment_status":"closed","ping_status":"closed","template":"","meta":{"neve_meta_sidebar":"","neve_meta_container":"","neve_meta_enable_content_width":"","neve_meta_content_width":0,"neve_meta_title_alignment":"","neve_meta_author_avatar":"","neve_post_elements_order":"","neve_meta_disable_header":"","neve_meta_disable_footer":"","neve_meta_disable_title":"","neve_meta_reading_time":"","_themeisle_gutenberg_block_has_review":false,"footnotes":""},"class_list":["post-3577","page","type-page","status-publish","has-post-thumbnail","hentry"],"_links":{"self":[{"href":"https:\/\/www.museomarineriapesaro.it\/index.php\/wp-json\/wp\/v2\/pages\/3577","targetHints":{"allow":["GET"]}}],"collection":[{"href":"https:\/\/www.museomarineriapesaro.it\/index.php\/wp-json\/wp\/v2\/pages"}],"about":[{"href":"https:\/\/www.museomarineriapesaro.it\/index.php\/wp-json\/wp\/v2\/types\/page"}],"author":[{"embeddable":true,"href":"https:\/\/www.museomarineriapesaro.it\/index.php\/wp-json\/wp\/v2\/users\/2"}],"replies":[{"embeddable":true,"href":"https:\/\/www.museomarineriapesaro.it\/index.php\/wp-json\/wp\/v2\/comments?post=3577"}],"version-history":[{"count":49,"href":"https:\/\/www.museomarineriapesaro.it\/index.php\/wp-json\/wp\/v2\/pages\/3577\/revisions"}],"predecessor-version":[{"id":3891,"href":"https:\/\/www.museomarineriapesaro.it\/index.php\/wp-json\/wp\/v2\/pages\/3577\/revisions\/3891"}],"wp:featuredmedia":[{"embeddable":true,"href":"https:\/\/www.museomarineriapesaro.it\/index.php\/wp-json\/wp\/v2\/media\/3596"}],"wp:attachment":[{"href":"https:\/\/www.museomarineriapesaro.it\/index.php\/wp-json\/wp\/v2\/media?parent=3577"}],"curies":[{"name":"wp","href":"https:\/\/api.w.org\/{rel}","templated":true}]}}