{"id":3856,"date":"2026-03-30T17:07:17","date_gmt":"2026-03-30T15:07:17","guid":{"rendered":"https:\/\/www.museomarineriapesaro.it\/?page_id=3856"},"modified":"2026-04-20T13:21:46","modified_gmt":"2026-04-20T11:21:46","slug":"biglietti","status":"publish","type":"page","link":"https:\/\/www.museomarineriapesaro.it\/index.php\/biglietti\/","title":{"rendered":"Biglietti"},"content":{"rendered":"\n<h1 class=\"wp-block-heading\">Biglietti<\/h1>\n\n\n\n<p>La <a href=\"https:\/\/card.pesaromusei.it\/prodotti\/1010\/card-pesaro-musei-2026\" data-type=\"link\" data-id=\"https:\/\/card.pesaromusei.it\/prodotti\/1010\/card-pesaro-musei-2026\"><strong>Card Pesaro Musei<\/strong><\/a> \u00e8 il titolo di accesso al circuito di Pesaro Musei, di cui fa parte anche il Museo della Marineria Washington Patrignani, cos\u00ec come altri musei convenzionati della citt\u00e0 di Pesaro e della provincia, alle esposizioni temporanee, agli eventi e alle attivit\u00e0 della programmazione museale e non solo.<br><\/p>\n\n\n\n<p><\/p>\n","protected":false},"excerpt":{"rendered":"<p>Biglietti La Card Pesaro Musei \u00e8 il titolo di accesso al circuito di Pesaro Musei, di cui fa parte anche il Museo della Marineria Washington Patrignani, cos\u00ec come altri musei convenzionati della citt\u00e0 di Pesaro e della provincia, alle esposizioni temporanee, agli eventi e alle attivit\u00e0 della programmazione museale e non solo.<\/p>\n","protected":false},"author":1,"featured_media":3902,"parent":0,"menu_order":0,"comment_status":"closed","ping_status":"closed","template":"","meta":{"neve_meta_sidebar":"","neve_meta_container":"","neve_meta_enable_content_width":"","neve_meta_content_width":0,"neve_meta_title_alignment":"","neve_meta_author_avatar":"","neve_post_elements_order":"","neve_meta_disable_header":"","neve_meta_disable_footer":"","neve_meta_disable_title":"","neve_meta_reading_time":"","_themeisle_gutenberg_block_has_review":false,"footnotes":""},"class_list":["post-3856","page","type-page","status-publish","has-post-thumbnail","hentry"],"_links":{"self":[{"href":"https:\/\/www.museomarineriapesaro.it\/index.php\/wp-json\/wp\/v2\/pages\/3856","targetHints":{"allow":["GET"]}}],"collection":[{"href":"https:\/\/www.museomarineriapesaro.it\/index.php\/wp-json\/wp\/v2\/pages"}],"about":[{"href":"https:\/\/www.museomarineriapesaro.it\/index.php\/wp-json\/wp\/v2\/types\/page"}],"author":[{"embeddable":true,"href":"https:\/\/www.museomarineriapesaro.it\/index.php\/wp-json\/wp\/v2\/users\/1"}],"replies":[{"embeddable":true,"href":"https:\/\/www.museomarineriapesaro.it\/index.php\/wp-json\/wp\/v2\/comments?post=3856"}],"version-history":[{"count":9,"href":"https:\/\/www.museomarineriapesaro.it\/index.php\/wp-json\/wp\/v2\/pages\/3856\/revisions"}],"predecessor-version":[{"id":3906,"href":"https:\/\/www.museomarineriapesaro.it\/index.php\/wp-json\/wp\/v2\/pages\/3856\/revisions\/3906"}],"wp:featuredmedia":[{"embeddable":true,"href":"https:\/\/www.museomarineriapesaro.it\/index.php\/wp-json\/wp\/v2\/media\/3902"}],"wp:attachment":[{"href":"https:\/\/www.museomarineriapesaro.it\/index.php\/wp-json\/wp\/v2\/media?parent=3856"}],"curies":[{"name":"wp","href":"https:\/\/api.w.org\/{rel}","templated":true}]}}