{"id":460,"date":"2023-10-25T16:36:40","date_gmt":"2023-10-25T14:36:40","guid":{"rendered":"http:\/\/marineriawp.abanet.it\/?page_id=460"},"modified":"2025-05-22T17:14:46","modified_gmt":"2025-05-22T15:14:46","slug":"cookies","status":"publish","type":"page","link":"https:\/\/www.museomarineriapesaro.it\/index.php\/cookies\/","title":{"rendered":"Cookies"},"content":{"rendered":"\n<h1 class=\"wp-block-heading\">Cookies Policy<\/h1>\n\n\n\n<p>La Cookie policy di <strong>MUSEO DELLA MARINERIA WASHINGTON PATRIGNANI PESARO<\/strong> \u00e8 resa ai sensi <em>dell\u2019art.13 del Regolamento UE 2016\/679<\/em> e del <em>D.Lgs. n. 69\/2012<\/em>, che ha recepito in Italia la Direttiva sui c.d. \u201ccookie\u201d.<\/p>\n\n\n\n<p>Essa \u00e8 resa per il sito di <strong>MUSEO DELLA MARINERIA WASHINGTON PATRIGNANI PESARO<\/strong> <a href=\"https:\/\/www.museomarineriapesaro.it\">https:\/\/www.museomarineriapesaro.it<\/a> (di seguito il \u201cSito\u201d), accessibile sia attraverso un PC browser, sia attraverso apposite applicazioni installate su palmari, tablet, telefoni cellulari.<\/p>\n\n\n\n<p>Sono esclusi altri siti web raggiungibili tramite link presenti nel Sito.<\/p>\n\n\n\n<h3 class=\"wp-block-heading\">Cosa sono i cookie?<\/h3>\n\n\n\n<p>Questo sito fa uso di cookie, ovvero file di testo che vengono registrati sul terminale dell\u2019utente oppure che consentono l\u2019accesso ad informazioni sul terminale dell\u2019utente. I cookie servono a migliorare le prestazioni e la fruibilit\u00e0 del Sito da parte dei visitatori.<br>Normalmente vengono utilizzati per memorizzare le informazioni necessarie a migliorarne la navigazione.<\/p>\n\n\n\n<h3 class=\"wp-block-heading\">Cookie su questo sito<\/h3>\n\n\n\n<p>Il presente Sito fa uso delle seguenti categorie di cookie:<\/p>\n\n\n\n<ul class=\"wp-block-list\">\n<li>Cookie tecnici di navigazione o di sessione, necessari per consentire l\u2019esplorazione sicura ed efficiente del Sito. In particolare, l\u2019uso dei cookie di sessione \u00e8 finalizzato ai seguenti scopi: accesso ad aree riservate, miglioramento del servizio offerto. Per tali cookie non \u00e8 previsto alcun consenso all\u2019utilizzo poich\u00e9 l\u2019installazione degli stessi \u00e8 necessaria a consentire la navigazione all\u2019interno del Sito o al funzionamento dello stesso. Se l\u2019utente rimuove i cookie attraverso le impostazioni del browser, la navigazione all\u2019interno del Sito potrebbe essere difficoltosa;<\/li>\n<\/ul>\n\n\n\n<div class=\"cky-audit-table-element\"><\/div>\n\n\n\n<p><strong>Il Sito NON utilizza cookie di profilazione e marketing<\/strong><\/p>\n\n\n\n<h3 class=\"wp-block-heading\">Come manifestare il consenso all\u2019utilizzo dei cookie<\/h3>\n\n\n\n<p>L\u2019utente, al primo accesso al Sito acconsente espressamente all\u2019uso dei cookie cliccando \u201cok\u201d sul banner o sulla \u201cx\u201d che lo chiude o proseguendo nella navigazione del Sito.<\/p>\n\n\n\n<h3 class=\"wp-block-heading\"><strong>Disabilitazione cookie tramite browser<\/strong><\/h3>\n\n\n\n<p>L\u2019utente pu\u00f2 rifiutare l\u2019utilizzo dei cookie e in qualsiasi momento pu\u00f2 revocare un consenso gi\u00e0 fornito. Poich\u00e9 i cookie sono collegati al browser di navigazione utilizzato, essi possono essere disabilitati\/attivati direttamente dal browser. Disabilitando completamente i cookie nel browser l\u2019utente potrebbe non essere in grado di utilizzare tutte le funzionalit\u00e0 del Sito, limitandone la navigazione.<\/p>\n\n\n\n<p>In ogni caso, l\u2019utente pu\u00f2 eliminare tutti i cookie installati nella cartella dei cookie del proprio browser.<\/p>\n\n\n\n<p>Ciascun browser presenta procedure diverse per la gestione dei cookie, in relazione ai browser pi\u00f9 diffusi, cliccando su uno dei collegamenti sottostanti si potranno ottenere istruzioni specifiche:<\/p>\n\n\n\n<ul class=\"wp-block-list\">\n<li><a href=\"https:\/\/support.microsoft.com\/it-it\/windows\/eliminare-e-gestire-i-cookie-168dab11-0753-043d-7c16-ede5947fc64d\" target=\"_blank\" rel=\"noreferrer noopener\">Microsoft Windows Explorer<\/a><\/li>\n\n\n\n<li><a href=\"https:\/\/support.google.com\/chrome\/answer\/95647?hl=it&amp;p=cpn_cookies\" data-type=\"link\" data-id=\"https:\/\/support.google.com\/chrome\/answer\/95647?hl=it&amp;p=cpn_cookies\" target=\"_blank\" rel=\"noreferrer noopener\">Goole Chrome<\/a><\/li>\n\n\n\n<li><a href=\"https:\/\/support.mozilla.org\/it\/kb\/Attivare%20e%20disattivare%20i%20cookie?redirect=no\" data-type=\"link\" data-id=\"https:\/\/support.mozilla.org\/it\/kb\/Attivare%20e%20disattivare%20i%20cookie?redirect=no\" target=\"_blank\" rel=\"noreferrer noopener\">Mozilla Firefox<\/a><\/li>\n\n\n\n<li><a href=\"https:\/\/support.microsoft.com\/it-it\/microsoft-edge\/eliminare-i-cookie-in-microsoft-edge-63947406-40ac-c3b8-57b9-2a946a29ae09\" data-type=\"link\" data-id=\"https:\/\/support.microsoft.com\/it-it\/microsoft-edge\/eliminare-i-cookie-in-microsoft-edge-63947406-40ac-c3b8-57b9-2a946a29ae09\" target=\"_blank\" rel=\"noreferrer noopener\">Microsoft Edge<\/a><\/li>\n\n\n\n<li><a href=\"https:\/\/support.apple.com\/it-it\/guide\/safari\/sfri11471\/mac\" data-type=\"link\" data-id=\"https:\/\/support.apple.com\/it-it\/guide\/safari\/sfri11471\/mac\" target=\"_blank\" rel=\"noreferrer noopener\">Apple Safari<\/a><\/li>\n<\/ul>\n\n\n\n<p><strong><em>Qualora l\u2019utente utilizzasse un browser diverso da quelli sopraelencati, si consiglia di consultare la guida interna al browser stesso oppure di contattare direttamente i realizzatori.<br>Qualora l\u2019utente utilizzasse un dispositivo mobile, si consiglia di fare riferimento al suo manuale di istruzioni.<\/em><\/strong><\/p>\n","protected":false},"excerpt":{"rendered":"<p>Cookies Policy La Cookie policy di MUSEO DELLA MARINERIA WASHINGTON PATRIGNANI PESARO \u00e8 resa ai sensi dell\u2019art.13 del Regolamento UE 2016\/679 e del D.Lgs. n. 69\/2012, che ha recepito in Italia la Direttiva sui c.d. \u201ccookie\u201d. Essa \u00e8 resa per il sito di MUSEO DELLA MARINERIA WASHINGTON PATRIGNANI PESARO https:\/\/www.museomarineriapesaro.it (di seguito il \u201cSito\u201d), accessibile&hellip;&nbsp;<a href=\"https:\/\/www.museomarineriapesaro.it\/index.php\/cookies\/\" rel=\"bookmark\">Read More &raquo;<span class=\"screen-reader-text\">Cookies<\/span><\/a><\/p>\n","protected":false},"author":1,"featured_media":3059,"parent":0,"menu_order":0,"comment_status":"closed","ping_status":"closed","template":"","meta":{"neve_meta_sidebar":"","neve_meta_container":"","neve_meta_enable_content_width":"","neve_meta_content_width":0,"neve_meta_title_alignment":"","neve_meta_author_avatar":"","neve_post_elements_order":"","neve_meta_disable_header":"","neve_meta_disable_footer":"","neve_meta_disable_title":"","neve_meta_reading_time":"","_themeisle_gutenberg_block_has_review":false,"footnotes":""},"class_list":["post-460","page","type-page","status-publish","has-post-thumbnail","hentry"],"_links":{"self":[{"href":"https:\/\/www.museomarineriapesaro.it\/index.php\/wp-json\/wp\/v2\/pages\/460","targetHints":{"allow":["GET"]}}],"collection":[{"href":"https:\/\/www.museomarineriapesaro.it\/index.php\/wp-json\/wp\/v2\/pages"}],"about":[{"href":"https:\/\/www.museomarineriapesaro.it\/index.php\/wp-json\/wp\/v2\/types\/page"}],"author":[{"embeddable":true,"href":"https:\/\/www.museomarineriapesaro.it\/index.php\/wp-json\/wp\/v2\/users\/1"}],"replies":[{"embeddable":true,"href":"https:\/\/www.museomarineriapesaro.it\/index.php\/wp-json\/wp\/v2\/comments?post=460"}],"version-history":[{"count":6,"href":"https:\/\/www.museomarineriapesaro.it\/index.php\/wp-json\/wp\/v2\/pages\/460\/revisions"}],"predecessor-version":[{"id":3201,"href":"https:\/\/www.museomarineriapesaro.it\/index.php\/wp-json\/wp\/v2\/pages\/460\/revisions\/3201"}],"wp:featuredmedia":[{"embeddable":true,"href":"https:\/\/www.museomarineriapesaro.it\/index.php\/wp-json\/wp\/v2\/media\/3059"}],"wp:attachment":[{"href":"https:\/\/www.museomarineriapesaro.it\/index.php\/wp-json\/wp\/v2\/media?parent=460"}],"curies":[{"name":"wp","href":"https:\/\/api.w.org\/{rel}","templated":true}]}}